{"id":14,"date":"2011-02-06T22:12:22","date_gmt":"2011-02-06T20:12:22","guid":{"rendered":"http:\/\/jarvesilma.ee\/"},"modified":"2021-03-31T07:59:54","modified_gmt":"2021-03-31T05:59:54","slug":"tutvustus-2","status":"publish","type":"page","link":"http:\/\/jarvesilma.ee\/en\/tutvustus-2\/","title":{"rendered":"Tutvustus"},"content":{"rendered":"<p><!--:ET--><\/p>\n<div class=\"entry\">\n<p><strong>Turismitalu peamajas on:<\/strong><\/p>\n<ul>\n<li>kaminasaal\/seminariruum laudadega, mis mahutab 30-40 inimest<a href=\"http:\/\/jasilm.files.wordpress.com\/2011\/02\/kamin3.jpg\" target=\"_blank\" rel=\"noopener\"><img decoding=\"async\" class=\"alignright size-thumbnail wp-image-106\" style=\"margin: 10px; float: right;\" title=\"kamin\" src=\"http:\/\/jasilm.files.wordpress.com\/2011\/02\/kamin3.jpg?w=143&amp;h=214\" alt=\"\" width=\"143\" height=\"214\" \/><\/a><\/li>\n<li>TV ja muusikakeskus, v\u00e4rvimuusika<\/li>\n<li>6 tuba: esimesel korrusel neljakohaline ja kahekohaline tuba (WC\/du\u0161\u0161) ning teisel korrusel\u00a03 kahekohalist tuba, 1 kolmekohaline tuba. Tubadesse saab paigutada lisavoodeid. Majutuskohtade arv on 15+4 lisavoodit<\/li>\n<li>n\u00f5uetele vastav k\u00f6\u00f6k koos s\u00f6\u00f6gi valmistamiseks vajaminevaga (k\u00fclmkapp, mikrolaineahi, pliit, n\u00f5ud jne)<\/li>\n<li>esimesel korrusel \u00fcldkasutatav WC\/du\u0161\u0161 ja teisel korrusel 2 \u00fcldkasutatavat WC\/du\u0161\u0161i<\/li>\n<li>puuk\u00fcttega saun<\/li>\n<li>lastele m\u00e4ngunurk<\/li>\n<li>lauatenniselaud<\/li>\n<\/ul>\n<p><strong>Turismitalu k\u00f5rvalmajas on:<\/strong><\/p>\n<ul>\n<li>teisel korrusel kaks tuba (4 kohaline ja 5 kohaline), k\u00f6\u00f6k, 2 WC\/du\u0161\u0161i<\/li>\n<li>esimesel korrusel puuk\u00fcttega saun<\/li>\n<li>telkijatele WC, du\u0161\u0161<\/li>\n<\/ul>\n<p><strong>Tu<\/strong><strong>rismitalu territooriumil on:<\/strong><\/p>\n<ul>\n<li>v\u00e4line kaminakoda koos\u00a0 laudade ja pinkidega (20le)<\/li>\n<li>v\u00e4ligrill<\/li>\n<li>laululava<\/li>\n<li>v\u00f5rkpalliplats<\/li>\n<li>lastele m\u00e4nguv\u00e4ljak<\/li>\n<\/ul>\n<p>Suviti on v\u00f5imalus k\u00e4ia ujumas, s\u00f5ita paadiga v\u00f5i harrastada kalap\u00fc\u00fcki maja vahetus l\u00e4heduses asuvas Virtsj\u00e4rves. Lisaks Virtsj\u00e4rvele on ujumiseks veel ideaalne talust 1,5 km kaugusel asuv l\u00e4bipaistva vee ja liivase p\u00f5hjaga Valgj\u00e4rv.<\/p>\n<p>Talviti v\u00f5imalus suusatada 1-2 km pikkusel suusarajal ja uisutada Virtsj\u00e4rvel. Pakume v\u00f5imalust kasutada suuski ja uiske nii t\u00e4iskasvanutele kui lastele.<\/p>\n<\/div>","protected":false},"excerpt":{"rendered":"<p>Turismitalu peamajas on: kaminasaal\/seminariruum laudadega, mis mahutab 30-40 inimest TV ja muusikakeskus, v\u00e4rvimuusika 6 tuba: esimesel korrusel neljakohaline ja kahekohaline tuba (WC\/du\u0161\u0161) ning teisel korrusel\u00a03 kahekohalist tuba, 1 kolmekohaline tuba. Tubadesse saab paigutada lisavoodeid. Majutuskohtade arv on 15+4 lisavoodit n\u00f5uetele vastav k\u00f6\u00f6k koos s\u00f6\u00f6gi valmistamiseks vajaminevaga (k\u00fclmkapp, mikrolaineahi, pliit, n\u00f5ud jne) esimesel korrusel \u00fcldkasutatav WC\/du\u0161\u0161 &hellip; <\/p>\n<p class=\"link-more\"><a href=\"http:\/\/jarvesilma.ee\/en\/tutvustus-2\/\" class=\"more-link\">Continue reading<span class=\"screen-reader-text\"> &#8220;Tutvustus&#8221;<\/span><\/a><\/p>","protected":false},"author":4,"featured_media":0,"parent":0,"menu_order":0,"comment_status":"closed","ping_status":"closed","template":"","meta":{"footnotes":""},"class_list":["post-14","page","type-page","status-publish","hentry"],"_links":{"self":[{"href":"http:\/\/jarvesilma.ee\/en\/wp-json\/wp\/v2\/pages\/14","targetHints":{"allow":["GET"]}}],"collection":[{"href":"http:\/\/jarvesilma.ee\/en\/wp-json\/wp\/v2\/pages"}],"about":[{"href":"http:\/\/jarvesilma.ee\/en\/wp-json\/wp\/v2\/types\/page"}],"author":[{"embeddable":true,"href":"http:\/\/jarvesilma.ee\/en\/wp-json\/wp\/v2\/users\/4"}],"replies":[{"embeddable":true,"href":"http:\/\/jarvesilma.ee\/en\/wp-json\/wp\/v2\/comments?post=14"}],"version-history":[{"count":5,"href":"http:\/\/jarvesilma.ee\/en\/wp-json\/wp\/v2\/pages\/14\/revisions"}],"predecessor-version":[{"id":281,"href":"http:\/\/jarvesilma.ee\/en\/wp-json\/wp\/v2\/pages\/14\/revisions\/281"}],"wp:attachment":[{"href":"http:\/\/jarvesilma.ee\/en\/wp-json\/wp\/v2\/media?parent=14"}],"curies":[{"name":"wp","href":"https:\/\/api.w.org\/{rel}","templated":true}]}}