{"id":21,"date":"2011-02-06T22:18:43","date_gmt":"2011-02-06T20:18:43","guid":{"rendered":"http:\/\/jarvesilma.ee\/"},"modified":"2026-03-22T21:23:35","modified_gmt":"2026-03-22T19:23:35","slug":"hinnakiri","status":"publish","type":"page","link":"http:\/\/jarvesilma.ee\/en\/hinnakiri\/","title":{"rendered":"Pricing"},"content":{"rendered":"<p><strong style=\"font-size: inherit;\">Services offered by J\u00e4rvesilma<\/strong><\/p>\n<div>\n<p>Majutus (1 voodikoht hommikus\u00f6\u00f6gita) \u2013 25 EUR\/in<\/p>\n<p>Lisavoodi \u2013 15 EUR\/in<\/p>\n<p>Saun \u2013 15 EUR\/tund<\/p>\n<p>Saali rent koolituste korraldamiseks \u2013 15 EUR\/tund<\/p>\n<p>Saali rent 30le \u2013 200 EUR\/6 tundi v\u00f5i kella 24.00ni<\/p>\n<p>V\u00e4likamin+grill \u2013 60 EUR\/15in\/3 tundi<\/p>\n<p>\u00d6\u00f6bijatele v\u00e4likamin+grill\/ainult grill \u2013 15\/10 EUR<\/p>\n<p>Telkimiskoht (koos wc ja du\u0161\u0161i kasutamisega) \u2013 10 EUR\/in<\/p>\n<p>Use of boat is free of charge for guests.<\/p>\n<p>For New Year's, midsummerday or big events ask for a price.<\/p>\n<\/div>","protected":false},"excerpt":{"rendered":"<p>J\u00e4rvesilma Turismitalus pakutavad teenused Majutus (1 voodikoht hommikus\u00f6\u00f6gita) \u2013 25 EUR\/in Lisavoodi \u2013 15 EUR\/in Saun \u2013 15 EUR\/tund Saali rent koolituste korraldamiseks \u2013 15 EUR\/tund Saali rent 30le \u2013 200 EUR\/6 tundi v\u00f5i kella 24.00ni V\u00e4likamin+grill \u2013 60 EUR\/15in\/3 tundi \u00d6\u00f6bijatele v\u00e4likamin+grill\/ainult grill \u2013 15\/10 EUR Telkimiskoht (koos wc ja du\u0161\u0161i kasutamisega) \u2013 10 &hellip; <\/p>\n<p class=\"link-more\"><a href=\"http:\/\/jarvesilma.ee\/en\/hinnakiri\/\" class=\"more-link\">Continue reading<span class=\"screen-reader-text\"> &#8220;Hinnakiri&#8221;<\/span><\/a><\/p>","protected":false},"author":2,"featured_media":0,"parent":0,"menu_order":0,"comment_status":"closed","ping_status":"closed","template":"","meta":{"footnotes":""},"class_list":["post-21","page","type-page","status-publish","hentry"],"_links":{"self":[{"href":"http:\/\/jarvesilma.ee\/en\/wp-json\/wp\/v2\/pages\/21","targetHints":{"allow":["GET"]}}],"collection":[{"href":"http:\/\/jarvesilma.ee\/en\/wp-json\/wp\/v2\/pages"}],"about":[{"href":"http:\/\/jarvesilma.ee\/en\/wp-json\/wp\/v2\/types\/page"}],"author":[{"embeddable":true,"href":"http:\/\/jarvesilma.ee\/en\/wp-json\/wp\/v2\/users\/2"}],"replies":[{"embeddable":true,"href":"http:\/\/jarvesilma.ee\/en\/wp-json\/wp\/v2\/comments?post=21"}],"version-history":[{"count":5,"href":"http:\/\/jarvesilma.ee\/en\/wp-json\/wp\/v2\/pages\/21\/revisions"}],"predecessor-version":[{"id":428,"href":"http:\/\/jarvesilma.ee\/en\/wp-json\/wp\/v2\/pages\/21\/revisions\/428"}],"wp:attachment":[{"href":"http:\/\/jarvesilma.ee\/en\/wp-json\/wp\/v2\/media?parent=21"}],"curies":[{"name":"wp","href":"https:\/\/api.w.org\/{rel}","templated":true}]}}