{"id":23,"date":"2011-02-06T22:20:05","date_gmt":"2011-02-06T20:20:05","guid":{"rendered":"http:\/\/jarvesilma.ee\/"},"modified":"2021-03-31T12:21:09","modified_gmt":"2021-03-31T10:21:09","slug":"asukoht","status":"publish","type":"page","link":"http:\/\/jarvesilma.ee\/en\/asukoht\/","title":{"rendered":"Location"},"content":{"rendered":"<div data-elementor-type=\"wp-page\" data-elementor-id=\"23\" class=\"elementor elementor-23\">\n\t\t\t\t\t\t<section class=\"elementor-section elementor-top-section elementor-element elementor-element-1d7c7d4 elementor-section-boxed elementor-section-height-default elementor-section-height-default\" data-id=\"1d7c7d4\" data-element_type=\"section\" data-e-type=\"section\">\n\t\t\t\t\t\t<div class=\"elementor-container elementor-column-gap-default\">\n\t\t\t\t\t<div class=\"elementor-column elementor-col-100 elementor-top-column elementor-element elementor-element-213d989\" data-id=\"213d989\" data-element_type=\"column\" data-e-type=\"column\">\n\t\t\t<div class=\"elementor-widget-wrap elementor-element-populated\">\n\t\t\t\t\t\t<div class=\"elementor-element elementor-element-70a96c9 elementor-widget elementor-widget-google_maps\" data-id=\"70a96c9\" data-element_type=\"widget\" data-e-type=\"widget\" data-widget_type=\"google_maps.default\">\n\t\t\t\t<div class=\"elementor-widget-container\">\n\t\t\t\t\t\t\t<div class=\"elementor-custom-embed\">\n\t\t\t<iframe loading=\"lazy\"\n\t\t\t\t\tsrc=\"https:\/\/maps.google.com\/maps?q=J%C3%A4rvesilma%20Tourism%20Farm&#038;t=m&#038;z=10&#038;output=embed&#038;iwloc=near\"\n\t\t\t\t\ttitle=\"J\u00e4rvesilma Tourism Farm\"\n\t\t\t\t\taria-label=\"J\u00e4rvesilma Tourism Farm\"\n\t\t\t><\/iframe>\n\t\t<\/div>\n\t\t\t\t\t\t<\/div>\n\t\t\t\t<\/div>\n\t\t\t\t<div class=\"elementor-element elementor-element-d6e80a6 elementor-widget elementor-widget-spacer\" data-id=\"d6e80a6\" data-element_type=\"widget\" data-e-type=\"widget\" data-widget_type=\"spacer.default\">\n\t\t\t\t<div class=\"elementor-widget-container\">\n\t\t\t\t\t\t\t<div class=\"elementor-spacer\">\n\t\t\t<div class=\"elementor-spacer-inner\"><\/div>\n\t\t<\/div>\n\t\t\t\t\t\t<\/div>\n\t\t\t\t<\/div>\n\t\t\t\t\t<\/div>\n\t\t<\/div>\n\t\t\t\t\t<\/div>\n\t\t<\/section>\n\t\t\t\t<section class=\"elementor-section elementor-top-section elementor-element elementor-element-206ca4ce elementor-section-boxed elementor-section-height-default elementor-section-height-default\" data-id=\"206ca4ce\" data-element_type=\"section\" data-e-type=\"section\">\n\t\t\t\t\t\t<div class=\"elementor-container elementor-column-gap-default\">\n\t\t\t\t\t<div class=\"elementor-column elementor-col-100 elementor-top-column elementor-element elementor-element-1258da14\" data-id=\"1258da14\" data-element_type=\"column\" data-e-type=\"column\">\n\t\t\t<div class=\"elementor-widget-wrap elementor-element-populated\">\n\t\t\t\t\t\t<div class=\"elementor-element elementor-element-6c43d087 elementor-widget elementor-widget-text-editor\" data-id=\"6c43d087\" data-element_type=\"widget\" data-e-type=\"widget\" data-widget_type=\"text-editor.default\">\n\t\t\t\t<div class=\"elementor-widget-container\">\n\t\t\t\t\t\t\t\t\t<p style=\"text-align: center;\"><strong>Coordinates<\/strong><\/p>\n<p style=\"text-align: center;\">57.904371, 25.897963<\/p>\n<p style=\"text-align: center;\"><strong>Distances<\/strong><\/p>\n<p style=\"text-align: center;\">Tallinn 223 km<\/p>\n<p style=\"text-align: center;\">P\u00e4rnu 124 km<\/p>\n<p style=\"text-align: center;\">Tartu 81 km<\/p>\n<p style=\"text-align: center;\">Otep\u00e4\u00e4 50 km<\/p>\n<p style=\"text-align: center;\">Valga 23 km<\/p>\n<p style=\"text-align: center;\">T\u00f5rva 13 km<\/p>\t\t\t\t\t\t\t\t<\/div>\n\t\t\t\t<\/div>\n\t\t\t\t\t<\/div>\n\t\t<\/div>\n\t\t\t\t\t<\/div>\n\t\t<\/section>\n\t\t\t\t<\/div>","protected":false},"excerpt":{"rendered":"<p>Koordinaadid: 57.904371, 25.897963 Kaugused: Tallinn 223 km P\u00e4rnu 124 km Tartu 81 km Otep\u00e4\u00e4 50 km Valga 23 km T\u00f5rva 13 km<\/p>","protected":false},"author":4,"featured_media":0,"parent":0,"menu_order":0,"comment_status":"closed","ping_status":"closed","template":"","meta":{"footnotes":""},"class_list":["post-23","page","type-page","status-publish","hentry"],"_links":{"self":[{"href":"http:\/\/jarvesilma.ee\/en\/wp-json\/wp\/v2\/pages\/23","targetHints":{"allow":["GET"]}}],"collection":[{"href":"http:\/\/jarvesilma.ee\/en\/wp-json\/wp\/v2\/pages"}],"about":[{"href":"http:\/\/jarvesilma.ee\/en\/wp-json\/wp\/v2\/types\/page"}],"author":[{"embeddable":true,"href":"http:\/\/jarvesilma.ee\/en\/wp-json\/wp\/v2\/users\/4"}],"replies":[{"embeddable":true,"href":"http:\/\/jarvesilma.ee\/en\/wp-json\/wp\/v2\/comments?post=23"}],"version-history":[{"count":5,"href":"http:\/\/jarvesilma.ee\/en\/wp-json\/wp\/v2\/pages\/23\/revisions"}],"predecessor-version":[{"id":330,"href":"http:\/\/jarvesilma.ee\/en\/wp-json\/wp\/v2\/pages\/23\/revisions\/330"}],"wp:attachment":[{"href":"http:\/\/jarvesilma.ee\/en\/wp-json\/wp\/v2\/media?parent=23"}],"curies":[{"name":"wp","href":"https:\/\/api.w.org\/{rel}","templated":true}]}}