{"id":31,"date":"2011-02-06T22:26:06","date_gmt":"2011-02-06T20:26:06","guid":{"rendered":"http:\/\/jarvesilma.ee\/"},"modified":"2023-08-18T16:42:48","modified_gmt":"2023-08-18T14:42:48","slug":"kontakt","status":"publish","type":"page","link":"http:\/\/jarvesilma.ee\/en\/kontakt\/","title":{"rendered":"Contact"},"content":{"rendered":"<p style=\"text-align: center;\">J\u00e4rvesilma Turismitalu<br \/>\nJeti k\u00fcla<br \/>\nT\u00f5rva vald<br \/>\n68513<br \/>\nValgamaa<\/p>\n<p style=\"text-align: center;\"><span style=\"line-height: 1.714285714; font-size: 1rem;\">jarvesilma@gmail.com<\/span><\/p>\n<p style=\"text-align: center;\">+372 513 2507<\/p>\n<p style=\"text-align: left;\">J\u00e4rvesilma O\u00dc; reg.kood 11136659; KMKR nr. EE100977897;\u00a0 a\/a EE352200221027918446 SWEDBANK<\/p>\n<p><!--:--><!--:en--><\/p>\n<p><!--:--><\/p>","protected":false},"excerpt":{"rendered":"<p>J\u00e4rvesilma Turismitalu Jeti k\u00fcla T\u00f5rva vald 68513 Valgamaa jarvesilma@gmail.com +372 513 2507 J\u00e4rvesilma O\u00dc; reg.kood 11136659; KMKR nr. EE100977897;\u00a0 a\/a EE352200221027918446 SWEDBANK<\/p>","protected":false},"author":4,"featured_media":0,"parent":0,"menu_order":0,"comment_status":"closed","ping_status":"closed","template":"","meta":{"footnotes":""},"class_list":["post-31","page","type-page","status-publish","hentry"],"_links":{"self":[{"href":"http:\/\/jarvesilma.ee\/en\/wp-json\/wp\/v2\/pages\/31","targetHints":{"allow":["GET"]}}],"collection":[{"href":"http:\/\/jarvesilma.ee\/en\/wp-json\/wp\/v2\/pages"}],"about":[{"href":"http:\/\/jarvesilma.ee\/en\/wp-json\/wp\/v2\/types\/page"}],"author":[{"embeddable":true,"href":"http:\/\/jarvesilma.ee\/en\/wp-json\/wp\/v2\/users\/4"}],"replies":[{"embeddable":true,"href":"http:\/\/jarvesilma.ee\/en\/wp-json\/wp\/v2\/comments?post=31"}],"version-history":[{"count":5,"href":"http:\/\/jarvesilma.ee\/en\/wp-json\/wp\/v2\/pages\/31\/revisions"}],"predecessor-version":[{"id":412,"href":"http:\/\/jarvesilma.ee\/en\/wp-json\/wp\/v2\/pages\/31\/revisions\/412"}],"wp:attachment":[{"href":"http:\/\/jarvesilma.ee\/en\/wp-json\/wp\/v2\/media?parent=31"}],"curies":[{"name":"wp","href":"https:\/\/api.w.org\/{rel}","templated":true}]}}